{"id":10397,"date":"2025-03-28T13:43:38","date_gmt":"2025-03-28T13:43:38","guid":{"rendered":"https:\/\/new.yuukart.com\/product\/retrato-personalizado\/"},"modified":"2026-02-02T23:02:53","modified_gmt":"2026-02-02T23:02:53","slug":"retrato-personalizado","status":"publish","type":"product","link":"https:\/\/new.yuukart.com\/pt-pt\/product\/retrato-personalizado\/","title":{"rendered":"Retrato Personalizado"},"content":{"rendered":"<p>Descobre a magia de imortalizar a personalidade do teu animal de estima\u00e7\u00e3o com um retrato \u00fanico, desenhado meticulosamente por mim com dedica\u00e7\u00e3o e carinho. Com mais de 500 animais retratados e coment\u00e1rios que atestam a minha paix\u00e3o, cada tra\u00e7o capta n\u00e3o s\u00f3 a forma, mas a pr\u00f3pria ess\u00eancia do teu companheiro. Quando receberes o retrato, reconhecer\u00e1s imediatamente o teu amigo, como se ele ganhasse vida na folha.<\/p>\n<p>Imagina a alegria de possuir uma obra de arte t\u00e3o fiel que, quando emoldurada e exposta, se torna a pe\u00e7a central da tua decora\u00e7\u00e3o. Transforma a beleza e a personalidade do teu animal de estima\u00e7\u00e3o numa verdadeira obra de arte, onde cada detalhe reflecte o amor e o empenho de uma cria\u00e7\u00e3o singular feita s\u00f3 para ti.<\/p>\n<p>&nbsp;<\/p>\n<h4><strong>MATERIAIS COM QUE TRABALHO<\/strong><\/h4>\n<p>L\u00e1pis de cor Derwent Procolour<br \/>\nPapel Fabriano Tiziano 160gr<br \/>\nFixador Ghiant Academy<br \/>\nCanetas de gel &#8211; Sakura Gelly Roll 05 e Uniball Signo Broad White<\/p>\n<p>&nbsp;<\/p>\n<h4><strong>PAGAMENTO E CONDI\u00c7\u00d5ES<\/strong><\/h4>\n<p><strong>Tipos de pagamento:<br \/>\n<\/strong><\/p>\n<ul>\n<li><strong>Pagar agora 50% &#8211;<\/strong> Paga 50% do montante total para poder garantir a atribui\u00e7\u00e3o do trabalho. Quando o trabalho estiver conclu\u00eddo e antes de ser enviado, ser-te-\u00e1 pedido o montante restante.<\/li>\n<li><strong>Montante total<\/strong><\/li>\n<\/ul>\n<p>&nbsp;<\/p>\n<h4><strong>IMPORTANTE<\/strong><\/h4>\n<p>Come\u00e7arei a desenhar o Retrato a partir do momento em que o <strong>Primeiro<\/strong> <strong>Pagamento<\/strong> ou o Pagamento <strong>Integral<\/strong> for efectuado e as fotos forem enviadas.<br \/>\nSe houver algum atraso no envio das fotos ou na realiza\u00e7\u00e3o do pagamento, consequentemente a entrega ser\u00e1 atrasada.<br \/>\n<strong>N\u00e3o inclui<\/strong> a moldura.<\/p>\n","protected":false},"excerpt":{"rendered":"<p>Retrato \u00fanico desenhado \u00e0 m\u00e3o que capta a ess\u00eancia do teu animal de estima\u00e7\u00e3o<\/p>\n","protected":false},"featured_media":10387,"template":"","meta":{"_acf_changed":false},"product_brand":[],"product_cat":[89],"product_tag":[],"class_list":{"0":"post-10397","1":"product","2":"type-product","3":"status-publish","4":"has-post-thumbnail","6":"product_cat-desenho","8":"first","9":"instock","10":"taxable","11":"shipping-taxable","12":"purchasable","13":"product-type-variable"},"acf":[],"yoast_head":"<!-- This site is optimized with the Yoast SEO plugin v27.0 - https:\/\/yoast.com\/product\/yoast-seo-wordpress\/ -->\n<title>Retrato Personalizado - YuukArt - Andr\u00e9 Sim\u00f5es<\/title>\n<meta name=\"description\" content=\"Capta a personalidade do teu animal de estima\u00e7\u00e3o com um retrato \u00fanico desenhado \u00e0 m\u00e3o, feito com paix\u00e3o e cuidado. Mais de 500 animais de estima\u00e7\u00e3o transformados em arte intemporal - encomenda o teu hoje!\" \/>\n<meta name=\"robots\" content=\"index, follow, max-snippet:-1, max-image-preview:large, max-video-preview:-1\" \/>\n<link rel=\"canonical\" href=\"https:\/\/new.yuukart.com\/pt-pt\/product\/retrato-personalizado\/\" \/>\n<meta property=\"og:locale\" content=\"pt_PT\" \/>\n<meta property=\"og:type\" content=\"article\" \/>\n<meta property=\"og:title\" content=\"Retrato Personalizado - YuukArt - Andr\u00e9 Sim\u00f5es\" \/>\n<meta property=\"og:description\" content=\"Capta a personalidade do teu animal de estima\u00e7\u00e3o com um retrato \u00fanico desenhado \u00e0 m\u00e3o, feito com paix\u00e3o e cuidado. Mais de 500 animais de estima\u00e7\u00e3o transformados em arte intemporal - encomenda o teu hoje!\" \/>\n<meta property=\"og:url\" content=\"https:\/\/new.yuukart.com\/pt-pt\/product\/retrato-personalizado\/\" \/>\n<meta property=\"og:site_name\" content=\"YuukArt - Andr\u00e9 Sim\u00f5es\" \/>\n<meta property=\"article:modified_time\" content=\"2026-02-02T23:02:53+00:00\" \/>\n<meta property=\"og:image\" content=\"http:\/\/new.yuukart.com\/wp-content\/uploads\/2025\/03\/preview_website_2.png\" \/>\n\t<meta property=\"og:image:width\" content=\"1080\" \/>\n\t<meta property=\"og:image:height\" content=\"1080\" \/>\n\t<meta property=\"og:image:type\" content=\"image\/png\" \/>\n<meta name=\"twitter:card\" content=\"summary_large_image\" \/>\n<meta name=\"twitter:label1\" content=\"Tempo estimado de leitura\" \/>\n\t<meta name=\"twitter:data1\" content=\"2 minutos\" \/>\n<script type=\"application\/ld+json\" class=\"yoast-schema-graph\">{\"@context\":\"https:\/\/schema.org\",\"@graph\":[{\"@type\":\"WebPage\",\"@id\":\"https:\/\/new.yuukart.com\/pt-pt\/product\/retrato-personalizado\/\",\"url\":\"https:\/\/new.yuukart.com\/pt-pt\/product\/retrato-personalizado\/\",\"name\":\"Retrato Personalizado - YuukArt - Andr\u00e9 Sim\u00f5es\",\"isPartOf\":{\"@id\":\"https:\/\/new.yuukart.com\/pt-pt\/#website\"},\"primaryImageOfPage\":{\"@id\":\"https:\/\/new.yuukart.com\/pt-pt\/product\/retrato-personalizado\/#primaryimage\"},\"image\":{\"@id\":\"https:\/\/new.yuukart.com\/pt-pt\/product\/retrato-personalizado\/#primaryimage\"},\"thumbnailUrl\":\"https:\/\/new.yuukart.com\/wp-content\/uploads\/2025\/03\/preview_website_2.png\",\"datePublished\":\"2025-03-28T13:43:38+00:00\",\"dateModified\":\"2026-02-02T23:02:53+00:00\",\"description\":\"Capta a personalidade do teu animal de estima\u00e7\u00e3o com um retrato \u00fanico desenhado \u00e0 m\u00e3o, feito com paix\u00e3o e cuidado. Mais de 500 animais de estima\u00e7\u00e3o transformados em arte intemporal - encomenda o teu hoje!\",\"breadcrumb\":{\"@id\":\"https:\/\/new.yuukart.com\/pt-pt\/product\/retrato-personalizado\/#breadcrumb\"},\"inLanguage\":\"pt-PT\",\"potentialAction\":[{\"@type\":\"ReadAction\",\"target\":[\"https:\/\/new.yuukart.com\/pt-pt\/product\/retrato-personalizado\/\"]}]},{\"@type\":\"ImageObject\",\"inLanguage\":\"pt-PT\",\"@id\":\"https:\/\/new.yuukart.com\/pt-pt\/product\/retrato-personalizado\/#primaryimage\",\"url\":\"https:\/\/new.yuukart.com\/wp-content\/uploads\/2025\/03\/preview_website_2.png\",\"contentUrl\":\"https:\/\/new.yuukart.com\/wp-content\/uploads\/2025\/03\/preview_website_2.png\",\"width\":1080,\"height\":1080},{\"@type\":\"BreadcrumbList\",\"@id\":\"https:\/\/new.yuukart.com\/pt-pt\/product\/retrato-personalizado\/#breadcrumb\",\"itemListElement\":[{\"@type\":\"ListItem\",\"position\":1,\"name\":\"Home\",\"item\":\"https:\/\/new.yuukart.com\/pt-pt\/\"},{\"@type\":\"ListItem\",\"position\":2,\"name\":\"Loja\",\"item\":\"https:\/\/new.yuukart.com\/pt-pt\/shop-2\/\"},{\"@type\":\"ListItem\",\"position\":3,\"name\":\"Retrato Personalizado\"}]},{\"@type\":\"WebSite\",\"@id\":\"https:\/\/new.yuukart.com\/pt-pt\/#website\",\"url\":\"https:\/\/new.yuukart.com\/pt-pt\/\",\"name\":\"YuukArt - Andr\u00e9 Sim\u00f5es\",\"description\":\"\",\"potentialAction\":[{\"@type\":\"SearchAction\",\"target\":{\"@type\":\"EntryPoint\",\"urlTemplate\":\"https:\/\/new.yuukart.com\/pt-pt\/?s={search_term_string}\"},\"query-input\":{\"@type\":\"PropertyValueSpecification\",\"valueRequired\":true,\"valueName\":\"search_term_string\"}}],\"inLanguage\":\"pt-PT\"}]}<\/script>\n<!-- \/ Yoast SEO plugin. -->","yoast_head_json":{"title":"Retrato Personalizado - YuukArt - Andr\u00e9 Sim\u00f5es","description":"Capta a personalidade do teu animal de estima\u00e7\u00e3o com um retrato \u00fanico desenhado \u00e0 m\u00e3o, feito com paix\u00e3o e cuidado. Mais de 500 animais de estima\u00e7\u00e3o transformados em arte intemporal - encomenda o teu hoje!","robots":{"index":"index","follow":"follow","max-snippet":"max-snippet:-1","max-image-preview":"max-image-preview:large","max-video-preview":"max-video-preview:-1"},"canonical":"https:\/\/new.yuukart.com\/pt-pt\/product\/retrato-personalizado\/","og_locale":"pt_PT","og_type":"article","og_title":"Retrato Personalizado - YuukArt - Andr\u00e9 Sim\u00f5es","og_description":"Capta a personalidade do teu animal de estima\u00e7\u00e3o com um retrato \u00fanico desenhado \u00e0 m\u00e3o, feito com paix\u00e3o e cuidado. Mais de 500 animais de estima\u00e7\u00e3o transformados em arte intemporal - encomenda o teu hoje!","og_url":"https:\/\/new.yuukart.com\/pt-pt\/product\/retrato-personalizado\/","og_site_name":"YuukArt - Andr\u00e9 Sim\u00f5es","article_modified_time":"2026-02-02T23:02:53+00:00","og_image":[{"width":1080,"height":1080,"url":"http:\/\/new.yuukart.com\/wp-content\/uploads\/2025\/03\/preview_website_2.png","type":"image\/png"}],"twitter_card":"summary_large_image","twitter_misc":{"Tempo estimado de leitura":"2 minutos"},"schema":{"@context":"https:\/\/schema.org","@graph":[{"@type":"WebPage","@id":"https:\/\/new.yuukart.com\/pt-pt\/product\/retrato-personalizado\/","url":"https:\/\/new.yuukart.com\/pt-pt\/product\/retrato-personalizado\/","name":"Retrato Personalizado - YuukArt - Andr\u00e9 Sim\u00f5es","isPartOf":{"@id":"https:\/\/new.yuukart.com\/pt-pt\/#website"},"primaryImageOfPage":{"@id":"https:\/\/new.yuukart.com\/pt-pt\/product\/retrato-personalizado\/#primaryimage"},"image":{"@id":"https:\/\/new.yuukart.com\/pt-pt\/product\/retrato-personalizado\/#primaryimage"},"thumbnailUrl":"https:\/\/new.yuukart.com\/wp-content\/uploads\/2025\/03\/preview_website_2.png","datePublished":"2025-03-28T13:43:38+00:00","dateModified":"2026-02-02T23:02:53+00:00","description":"Capta a personalidade do teu animal de estima\u00e7\u00e3o com um retrato \u00fanico desenhado \u00e0 m\u00e3o, feito com paix\u00e3o e cuidado. Mais de 500 animais de estima\u00e7\u00e3o transformados em arte intemporal - encomenda o teu hoje!","breadcrumb":{"@id":"https:\/\/new.yuukart.com\/pt-pt\/product\/retrato-personalizado\/#breadcrumb"},"inLanguage":"pt-PT","potentialAction":[{"@type":"ReadAction","target":["https:\/\/new.yuukart.com\/pt-pt\/product\/retrato-personalizado\/"]}]},{"@type":"ImageObject","inLanguage":"pt-PT","@id":"https:\/\/new.yuukart.com\/pt-pt\/product\/retrato-personalizado\/#primaryimage","url":"https:\/\/new.yuukart.com\/wp-content\/uploads\/2025\/03\/preview_website_2.png","contentUrl":"https:\/\/new.yuukart.com\/wp-content\/uploads\/2025\/03\/preview_website_2.png","width":1080,"height":1080},{"@type":"BreadcrumbList","@id":"https:\/\/new.yuukart.com\/pt-pt\/product\/retrato-personalizado\/#breadcrumb","itemListElement":[{"@type":"ListItem","position":1,"name":"Home","item":"https:\/\/new.yuukart.com\/pt-pt\/"},{"@type":"ListItem","position":2,"name":"Loja","item":"https:\/\/new.yuukart.com\/pt-pt\/shop-2\/"},{"@type":"ListItem","position":3,"name":"Retrato Personalizado"}]},{"@type":"WebSite","@id":"https:\/\/new.yuukart.com\/pt-pt\/#website","url":"https:\/\/new.yuukart.com\/pt-pt\/","name":"YuukArt - Andr\u00e9 Sim\u00f5es","description":"","potentialAction":[{"@type":"SearchAction","target":{"@type":"EntryPoint","urlTemplate":"https:\/\/new.yuukart.com\/pt-pt\/?s={search_term_string}"},"query-input":{"@type":"PropertyValueSpecification","valueRequired":true,"valueName":"search_term_string"}}],"inLanguage":"pt-PT"}]}},"_links":{"self":[{"href":"https:\/\/new.yuukart.com\/pt-pt\/wp-json\/wp\/v2\/product\/10397","targetHints":{"allow":["GET"]}}],"collection":[{"href":"https:\/\/new.yuukart.com\/pt-pt\/wp-json\/wp\/v2\/product"}],"about":[{"href":"https:\/\/new.yuukart.com\/pt-pt\/wp-json\/wp\/v2\/types\/product"}],"wp:featuredmedia":[{"embeddable":true,"href":"https:\/\/new.yuukart.com\/pt-pt\/wp-json\/wp\/v2\/media\/10387"}],"wp:attachment":[{"href":"https:\/\/new.yuukart.com\/pt-pt\/wp-json\/wp\/v2\/media?parent=10397"}],"wp:term":[{"taxonomy":"product_brand","embeddable":true,"href":"https:\/\/new.yuukart.com\/pt-pt\/wp-json\/wp\/v2\/product_brand?post=10397"},{"taxonomy":"product_cat","embeddable":true,"href":"https:\/\/new.yuukart.com\/pt-pt\/wp-json\/wp\/v2\/product_cat?post=10397"},{"taxonomy":"product_tag","embeddable":true,"href":"https:\/\/new.yuukart.com\/pt-pt\/wp-json\/wp\/v2\/product_tag?post=10397"}],"curies":[{"name":"wp","href":"https:\/\/api.w.org\/{rel}","templated":true}]}}