{"id":11158,"date":"2025-03-28T13:43:38","date_gmt":"2025-03-28T13:43:38","guid":{"rendered":"https:\/\/new.yuukart.com\/product\/benutzerdefiniertes-portraet\/"},"modified":"2026-02-02T23:35:11","modified_gmt":"2026-02-02T23:35:11","slug":"benutzerdefiniertes-portraet","status":"publish","type":"product","link":"https:\/\/new.yuukart.com\/de\/product\/benutzerdefiniertes-portraet\/","title":{"rendered":"Benutzerdefiniertes Portr\u00e4t"},"content":{"rendered":"<p>Entdecke den Zauber, die Pers\u00f6nlichkeit deines Haustiers mit einem einzigartigen Portr\u00e4t zu verewigen, das von mir mit Hingabe und Sorgfalt detailreich gezeichnet wird. Mit \u00fcber 500 portr\u00e4tierten Tieren und R\u00fcckmeldungen, die meine Leidenschaft best\u00e4tigen, f\u00e4ngt jeder Strich nicht nur die Form, sondern das wahre Wesen deines tierischen Begleiters ein. Wenn du das Portr\u00e4t erh\u00e4ltst, wirst du deinen Freund sofort erkennen \u2013 als w\u00fcrde er auf dem Papier zum Leben erwachen.<\/p>\n<p>Stell dir die Freude vor, ein Kunstwerk zu besitzen, das so originalgetreu ist, dass es \u2013 gerahmt und ausgestellt \u2013 zum Mittelpunkt deiner Einrichtung wird. Verwandle die Sch\u00f6nheit und Pers\u00f6nlichkeit deines Haustiers in ein wahres Kunstwerk, bei dem jedes Detail die Liebe und Hingabe einer einzigartigen, nur f\u00fcr dich geschaffenen Kreation widerspiegelt.<\/p>\n<p>&nbsp;<\/p>\n<h4><strong>MATERIALIEN, MIT DENEN ICH ARBEITE<\/strong><\/h4>\n<p>Derwent Procolour Buntstifte<br \/>\nFabriano Tiziano Papier 160gr<br \/>\nGhiant Academy Fixativ<br \/>\nGelstifte \u2013 Sakura Gelly Roll 05 und Uni-ball Signo Broad White<\/p>\n<p>&nbsp;<\/p>\n<h4><strong>ZAHLUNG &amp; BEDINGUNGEN<\/strong><\/h4>\n<p><strong>Zahlungsarten:<br \/>\n<\/strong><\/p>\n<ul>\n<li>Jetzt 50 % bezahlen \u2013 Du zahlst 50 % des Gesamtbetrags, um die Auftragszuweisung zu sichern. Sobald die Arbeit abgeschlossen ist und bevor sie versendet wird, wird der verbleibende Betrag f\u00e4llig.<\/li>\n<li><strong>Gesamtbetrag<\/strong><\/li>\n<\/ul>\n<p>&nbsp;<\/p>\n<h4><strong>WICHTIG<\/strong><\/h4>\n<p>Ich beginne mit dem Zeichnen des Portr\u00e4ts, sobald die Anzahlung oder die vollst\u00e4ndige Zahlung erfolgt ist und die Fotos gesendet wurden.<br \/>\nWenn es zu Verz\u00f6gerungen beim Senden der Fotos oder bei der Zahlung kommt, verz\u00f6gert sich folglich auch die Lieferung.<br \/>\nRahmen nicht inbegriffen.<\/p>\n","protected":false},"excerpt":{"rendered":"<p>Ein einzigartiges, handgezeichnetes Portr\u00e4t, das das Wesen deines Haustiers einf\u00e4ngt.<\/p>\n","protected":false},"featured_media":11157,"template":"","meta":{"_acf_changed":false},"product_brand":[],"product_cat":[140],"product_tag":[],"class_list":{"0":"post-11158","1":"product","2":"type-product","3":"status-publish","4":"has-post-thumbnail","6":"product_cat-zeichnen","8":"first","9":"instock","10":"taxable","11":"shipping-taxable","12":"purchasable","13":"product-type-variable"},"acf":[],"yoast_head":"<!-- This site is optimized with the Yoast SEO plugin v27.0 - https:\/\/yoast.com\/product\/yoast-seo-wordpress\/ -->\n<title>Benutzerdefiniertes Portr\u00e4t - YuukArt - Andr\u00e9 Sim\u00f5es<\/title>\n<meta name=\"description\" content=\"Fange die Pers\u00f6nlichkeit deines Haustiers mit einem einzigartigen, handgezeichneten Portr\u00e4t ein, das mit Leidenschaft und Sorgfalt gefertigt wurde. \u00dcber 500 Haustiere wurden bereits in zeitlose Kunst verwandelt \u2013 bestelle deins noch heute!\" \/>\n<meta name=\"robots\" content=\"index, follow, max-snippet:-1, max-image-preview:large, max-video-preview:-1\" \/>\n<link rel=\"canonical\" href=\"https:\/\/new.yuukart.com\/de\/product\/benutzerdefiniertes-portraet\/\" \/>\n<meta property=\"og:locale\" content=\"de_DE\" \/>\n<meta property=\"og:type\" content=\"article\" \/>\n<meta property=\"og:title\" content=\"Benutzerdefiniertes Portr\u00e4t - YuukArt - Andr\u00e9 Sim\u00f5es\" \/>\n<meta property=\"og:description\" content=\"Fange die Pers\u00f6nlichkeit deines Haustiers mit einem einzigartigen, handgezeichneten Portr\u00e4t ein, das mit Leidenschaft und Sorgfalt gefertigt wurde. \u00dcber 500 Haustiere wurden bereits in zeitlose Kunst verwandelt \u2013 bestelle deins noch heute!\" \/>\n<meta property=\"og:url\" content=\"https:\/\/new.yuukart.com\/de\/product\/benutzerdefiniertes-portraet\/\" \/>\n<meta property=\"og:site_name\" content=\"YuukArt - Andr\u00e9 Sim\u00f5es\" \/>\n<meta property=\"article:modified_time\" content=\"2026-02-02T23:35:11+00:00\" \/>\n<meta property=\"og:image\" content=\"http:\/\/new.yuukart.com\/wp-content\/uploads\/2025\/03\/preview_website_2.png\" \/>\n\t<meta property=\"og:image:width\" content=\"1080\" \/>\n\t<meta property=\"og:image:height\" content=\"1080\" \/>\n\t<meta property=\"og:image:type\" content=\"image\/png\" \/>\n<meta name=\"twitter:card\" content=\"summary_large_image\" \/>\n<meta name=\"twitter:label1\" content=\"Gesch\u00e4tzte Lesezeit\" \/>\n\t<meta name=\"twitter:data1\" content=\"2\u00a0Minute\" \/>\n<script type=\"application\/ld+json\" class=\"yoast-schema-graph\">{\"@context\":\"https:\/\/schema.org\",\"@graph\":[{\"@type\":\"WebPage\",\"@id\":\"https:\/\/new.yuukart.com\/de\/product\/benutzerdefiniertes-portraet\/\",\"url\":\"https:\/\/new.yuukart.com\/de\/product\/benutzerdefiniertes-portraet\/\",\"name\":\"Benutzerdefiniertes Portr\u00e4t - YuukArt - Andr\u00e9 Sim\u00f5es\",\"isPartOf\":{\"@id\":\"https:\/\/new.yuukart.com\/de\/#website\"},\"primaryImageOfPage\":{\"@id\":\"https:\/\/new.yuukart.com\/de\/product\/benutzerdefiniertes-portraet\/#primaryimage\"},\"image\":{\"@id\":\"https:\/\/new.yuukart.com\/de\/product\/benutzerdefiniertes-portraet\/#primaryimage\"},\"thumbnailUrl\":\"https:\/\/new.yuukart.com\/wp-content\/uploads\/2025\/03\/preview_website_2.png\",\"datePublished\":\"2025-03-28T13:43:38+00:00\",\"dateModified\":\"2026-02-02T23:35:11+00:00\",\"description\":\"Fange die Pers\u00f6nlichkeit deines Haustiers mit einem einzigartigen, handgezeichneten Portr\u00e4t ein, das mit Leidenschaft und Sorgfalt gefertigt wurde. \u00dcber 500 Haustiere wurden bereits in zeitlose Kunst verwandelt \u2013 bestelle deins noch heute!\",\"breadcrumb\":{\"@id\":\"https:\/\/new.yuukart.com\/de\/product\/benutzerdefiniertes-portraet\/#breadcrumb\"},\"inLanguage\":\"de\",\"potentialAction\":[{\"@type\":\"ReadAction\",\"target\":[\"https:\/\/new.yuukart.com\/de\/product\/benutzerdefiniertes-portraet\/\"]}]},{\"@type\":\"ImageObject\",\"inLanguage\":\"de\",\"@id\":\"https:\/\/new.yuukart.com\/de\/product\/benutzerdefiniertes-portraet\/#primaryimage\",\"url\":\"https:\/\/new.yuukart.com\/wp-content\/uploads\/2025\/03\/preview_website_2.png\",\"contentUrl\":\"https:\/\/new.yuukart.com\/wp-content\/uploads\/2025\/03\/preview_website_2.png\",\"width\":1080,\"height\":1080},{\"@type\":\"BreadcrumbList\",\"@id\":\"https:\/\/new.yuukart.com\/de\/product\/benutzerdefiniertes-portraet\/#breadcrumb\",\"itemListElement\":[{\"@type\":\"ListItem\",\"position\":1,\"name\":\"Home\",\"item\":\"https:\/\/new.yuukart.com\/de\/startseite\/\"},{\"@type\":\"ListItem\",\"position\":2,\"name\":\"Shop\",\"item\":\"https:\/\/new.yuukart.com\/shop\/\"},{\"@type\":\"ListItem\",\"position\":3,\"name\":\"Benutzerdefiniertes Portr\u00e4t\"}]},{\"@type\":\"WebSite\",\"@id\":\"https:\/\/new.yuukart.com\/de\/#website\",\"url\":\"https:\/\/new.yuukart.com\/de\/\",\"name\":\"YuukArt - Andr\u00e9 Sim\u00f5es\",\"description\":\"\",\"potentialAction\":[{\"@type\":\"SearchAction\",\"target\":{\"@type\":\"EntryPoint\",\"urlTemplate\":\"https:\/\/new.yuukart.com\/de\/?s={search_term_string}\"},\"query-input\":{\"@type\":\"PropertyValueSpecification\",\"valueRequired\":true,\"valueName\":\"search_term_string\"}}],\"inLanguage\":\"de\"}]}<\/script>\n<!-- \/ Yoast SEO plugin. -->","yoast_head_json":{"title":"Benutzerdefiniertes Portr\u00e4t - YuukArt - Andr\u00e9 Sim\u00f5es","description":"Fange die Pers\u00f6nlichkeit deines Haustiers mit einem einzigartigen, handgezeichneten Portr\u00e4t ein, das mit Leidenschaft und Sorgfalt gefertigt wurde. \u00dcber 500 Haustiere wurden bereits in zeitlose Kunst verwandelt \u2013 bestelle deins noch heute!","robots":{"index":"index","follow":"follow","max-snippet":"max-snippet:-1","max-image-preview":"max-image-preview:large","max-video-preview":"max-video-preview:-1"},"canonical":"https:\/\/new.yuukart.com\/de\/product\/benutzerdefiniertes-portraet\/","og_locale":"de_DE","og_type":"article","og_title":"Benutzerdefiniertes Portr\u00e4t - YuukArt - Andr\u00e9 Sim\u00f5es","og_description":"Fange die Pers\u00f6nlichkeit deines Haustiers mit einem einzigartigen, handgezeichneten Portr\u00e4t ein, das mit Leidenschaft und Sorgfalt gefertigt wurde. \u00dcber 500 Haustiere wurden bereits in zeitlose Kunst verwandelt \u2013 bestelle deins noch heute!","og_url":"https:\/\/new.yuukart.com\/de\/product\/benutzerdefiniertes-portraet\/","og_site_name":"YuukArt - Andr\u00e9 Sim\u00f5es","article_modified_time":"2026-02-02T23:35:11+00:00","og_image":[{"width":1080,"height":1080,"url":"http:\/\/new.yuukart.com\/wp-content\/uploads\/2025\/03\/preview_website_2.png","type":"image\/png"}],"twitter_card":"summary_large_image","twitter_misc":{"Gesch\u00e4tzte Lesezeit":"2\u00a0Minute"},"schema":{"@context":"https:\/\/schema.org","@graph":[{"@type":"WebPage","@id":"https:\/\/new.yuukart.com\/de\/product\/benutzerdefiniertes-portraet\/","url":"https:\/\/new.yuukart.com\/de\/product\/benutzerdefiniertes-portraet\/","name":"Benutzerdefiniertes Portr\u00e4t - YuukArt - Andr\u00e9 Sim\u00f5es","isPartOf":{"@id":"https:\/\/new.yuukart.com\/de\/#website"},"primaryImageOfPage":{"@id":"https:\/\/new.yuukart.com\/de\/product\/benutzerdefiniertes-portraet\/#primaryimage"},"image":{"@id":"https:\/\/new.yuukart.com\/de\/product\/benutzerdefiniertes-portraet\/#primaryimage"},"thumbnailUrl":"https:\/\/new.yuukart.com\/wp-content\/uploads\/2025\/03\/preview_website_2.png","datePublished":"2025-03-28T13:43:38+00:00","dateModified":"2026-02-02T23:35:11+00:00","description":"Fange die Pers\u00f6nlichkeit deines Haustiers mit einem einzigartigen, handgezeichneten Portr\u00e4t ein, das mit Leidenschaft und Sorgfalt gefertigt wurde. \u00dcber 500 Haustiere wurden bereits in zeitlose Kunst verwandelt \u2013 bestelle deins noch heute!","breadcrumb":{"@id":"https:\/\/new.yuukart.com\/de\/product\/benutzerdefiniertes-portraet\/#breadcrumb"},"inLanguage":"de","potentialAction":[{"@type":"ReadAction","target":["https:\/\/new.yuukart.com\/de\/product\/benutzerdefiniertes-portraet\/"]}]},{"@type":"ImageObject","inLanguage":"de","@id":"https:\/\/new.yuukart.com\/de\/product\/benutzerdefiniertes-portraet\/#primaryimage","url":"https:\/\/new.yuukart.com\/wp-content\/uploads\/2025\/03\/preview_website_2.png","contentUrl":"https:\/\/new.yuukart.com\/wp-content\/uploads\/2025\/03\/preview_website_2.png","width":1080,"height":1080},{"@type":"BreadcrumbList","@id":"https:\/\/new.yuukart.com\/de\/product\/benutzerdefiniertes-portraet\/#breadcrumb","itemListElement":[{"@type":"ListItem","position":1,"name":"Home","item":"https:\/\/new.yuukart.com\/de\/startseite\/"},{"@type":"ListItem","position":2,"name":"Shop","item":"https:\/\/new.yuukart.com\/shop\/"},{"@type":"ListItem","position":3,"name":"Benutzerdefiniertes Portr\u00e4t"}]},{"@type":"WebSite","@id":"https:\/\/new.yuukart.com\/de\/#website","url":"https:\/\/new.yuukart.com\/de\/","name":"YuukArt - Andr\u00e9 Sim\u00f5es","description":"","potentialAction":[{"@type":"SearchAction","target":{"@type":"EntryPoint","urlTemplate":"https:\/\/new.yuukart.com\/de\/?s={search_term_string}"},"query-input":{"@type":"PropertyValueSpecification","valueRequired":true,"valueName":"search_term_string"}}],"inLanguage":"de"}]}},"_links":{"self":[{"href":"https:\/\/new.yuukart.com\/de\/wp-json\/wp\/v2\/product\/11158","targetHints":{"allow":["GET"]}}],"collection":[{"href":"https:\/\/new.yuukart.com\/de\/wp-json\/wp\/v2\/product"}],"about":[{"href":"https:\/\/new.yuukart.com\/de\/wp-json\/wp\/v2\/types\/product"}],"wp:featuredmedia":[{"embeddable":true,"href":"https:\/\/new.yuukart.com\/de\/wp-json\/wp\/v2\/media\/11157"}],"wp:attachment":[{"href":"https:\/\/new.yuukart.com\/de\/wp-json\/wp\/v2\/media?parent=11158"}],"wp:term":[{"taxonomy":"product_brand","embeddable":true,"href":"https:\/\/new.yuukart.com\/de\/wp-json\/wp\/v2\/product_brand?post=11158"},{"taxonomy":"product_cat","embeddable":true,"href":"https:\/\/new.yuukart.com\/de\/wp-json\/wp\/v2\/product_cat?post=11158"},{"taxonomy":"product_tag","embeddable":true,"href":"https:\/\/new.yuukart.com\/de\/wp-json\/wp\/v2\/product_tag?post=11158"}],"curies":[{"name":"wp","href":"https:\/\/api.w.org\/{rel}","templated":true}]}}